{"id":5,"date":"2020-01-13T11:17:52","date_gmt":"2020-01-13T11:17:52","guid":{"rendered":"https:\/\/demosites.io\/web-agency-gb\/?page_id=5"},"modified":"2024-03-14T17:16:37","modified_gmt":"2024-03-14T14:16:37","slug":"anasayfa","status":"publish","type":"page","link":"https:\/\/sahibindentavuk.com\/","title":{"rendered":"Anasayfa"},"content":{"rendered":"\n<div class=\"wp-block-cover alignfull is-light\" style=\"min-height:700px\"><span aria-hidden=\"true\" class=\"wp-block-cover__background has-background-dim-0 has-background-dim\"><\/span><img loading=\"lazy\" decoding=\"async\" width=\"611\" height=\"406\" class=\"wp-block-cover__image-background wp-image-391\" alt=\"\" src=\"https:\/\/sahibindentavuk.com\/wp-content\/uploads\/2024\/02\/3c636142-4bc0-48d1-9a5c-5b19f5eee59a.jpg\" style=\"object-position:48% 17%\" data-object-fit=\"cover\" data-object-position=\"48% 17%\" srcset=\"https:\/\/sahibindentavuk.com\/wp-content\/uploads\/2024\/02\/3c636142-4bc0-48d1-9a5c-5b19f5eee59a.jpg 611w, https:\/\/sahibindentavuk.com\/wp-content\/uploads\/2024\/02\/3c636142-4bc0-48d1-9a5c-5b19f5eee59a-300x199.jpg 300w\" sizes=\"(max-width: 611px) 100vw, 611px\" \/><div class=\"wp-block-cover__inner-container is-layout-flow wp-block-cover-is-layout-flow\">\n<div style=\"height:80px\" aria-hidden=\"true\" class=\"wp-block-spacer\"><\/div>\n<\/div><\/div>\n\n\n\n<h1 class=\"wp-block-heading has-text-align-center has-background has-large-font-size\" style=\"background-color:#fce63a;font-style:normal;font-weight:800;text-transform:uppercase\">Tavuk \u00c7e\u015fitleri <\/h1>\n\n\n\n<div class=\"wp-block-cover alignfull\" style=\"min-height:600px\"><span aria-hidden=\"true\" class=\"wp-block-cover__background has-nv-site-bg-background-color has-background-dim-100 has-background-dim\"><\/span><div class=\"wp-block-cover__inner-container is-layout-flow wp-block-cover-is-layout-flow\">\n<div class=\"wp-block-group is-layout-flow wp-block-group-is-layout-flow\"><div class=\"wp-block-group__inner-container\">\n<div style=\"height:80px\" aria-hidden=\"true\" class=\"wp-block-spacer\"><\/div>\n\n\n\n<div class=\"wp-block-columns are-vertically-aligned-center is-layout-flex wp-container-core-columns-layout-1 wp-block-columns-is-layout-flex\">\n<div class=\"wp-block-column is-vertically-aligned-center is-layout-flow wp-block-column-is-layout-flow\" style=\"flex-basis:50%\">\n<figure class=\"wp-block-image size-full\"><img loading=\"lazy\" decoding=\"async\" width=\"800\" height=\"800\" src=\"https:\/\/sahibindentavuk.com\/wp-content\/uploads\/2024\/03\/2EOFUN2N9_resim_6_2_2018_12_b.webp\" alt=\"\" class=\"wp-image-448\" srcset=\"https:\/\/sahibindentavuk.com\/wp-content\/uploads\/2024\/03\/2EOFUN2N9_resim_6_2_2018_12_b.webp 800w, https:\/\/sahibindentavuk.com\/wp-content\/uploads\/2024\/03\/2EOFUN2N9_resim_6_2_2018_12_b-300x300.webp 300w, https:\/\/sahibindentavuk.com\/wp-content\/uploads\/2024\/03\/2EOFUN2N9_resim_6_2_2018_12_b-150x150.webp 150w, https:\/\/sahibindentavuk.com\/wp-content\/uploads\/2024\/03\/2EOFUN2N9_resim_6_2_2018_12_b-768x768.webp 768w\" sizes=\"(max-width: 800px) 100vw, 800px\" \/><\/figure>\n<\/div>\n\n\n\n<div class=\"wp-block-column is-vertically-aligned-center is-layout-flow wp-block-column-is-layout-flow\" style=\"flex-basis:50%\">\n<div style=\"height:20px\" aria-hidden=\"true\" class=\"wp-block-spacer\"><\/div>\n\n\n\n<h2 class=\"wp-block-heading has-text-align-left has-neve-text-color-color has-text-color\">ATAK-S <\/h2>\n\n\n\n<ul class=\"has-nv-dark-bg-color has-text-color has-link-color wp-elements-0da5c7b155e2f803120cb0e1258f6583\">\n<li>Ataks Yumurtlama Ya\u015f\u0131: 19.-21. Hafta<\/li>\n\n\n\n<li>Ataks Yumurta Zirve Ya\u015f\u0131: 40.-46. Hafta<\/li>\n\n\n\n<li>Ataks Yumurta Verimi: 260-290 Adet<\/li>\n\n\n\n<li>Ataks Yem T\u00fcketimi: G\u00fcnl\u00fck 100-120 gram<\/li>\n\n\n\n<li>Ataks Yumurta Rengi: A\u00e7\u0131k Kahverengi ve krem tonlar\u0131nda<\/li>\n\n\n\n<li>Ataks Dayan\u0131kl\u0131l\u0131k: Salma tavuk\u00e7uluk i\u00e7in gayet uygundur<\/li>\n\n\n\n<li>Yumurta a\u011f\u0131rl\u0131\u011f\u0131: 62-69 gram yumurta rengi a\u00e7\u0131k kahve rengidir.<\/li>\n<\/ul>\n<\/div>\n<\/div>\n\n\n\n<div style=\"height:40px\" aria-hidden=\"true\" class=\"wp-block-spacer\"><\/div>\n<\/div><\/div>\n<\/div><\/div>\n\n\n\n<div class=\"wp-block-cover alignfull\" style=\"min-height:600px\"><span aria-hidden=\"true\" class=\"wp-block-cover__background has-nv-site-bg-background-color has-background-dim-100 has-background-dim\"><\/span><div class=\"wp-block-cover__inner-container is-layout-flow wp-block-cover-is-layout-flow\">\n<div class=\"wp-block-group is-layout-flow wp-block-group-is-layout-flow\"><div class=\"wp-block-group__inner-container\">\n<div style=\"height:80px\" aria-hidden=\"true\" class=\"wp-block-spacer\"><\/div>\n\n\n\n<div class=\"wp-block-columns are-vertically-aligned-center is-layout-flex wp-container-core-columns-layout-2 wp-block-columns-is-layout-flex\">\n<div class=\"wp-block-column is-vertically-aligned-center is-layout-flow wp-block-column-is-layout-flow\" style=\"flex-basis:50%\">\n<h2 class=\"wp-block-heading has-text-align-left has-neve-text-color-color has-text-color\">LOHMAN BROWN<\/h2>\n\n\n\n<ul class=\"has-nv-dark-bg-color has-text-color has-link-color wp-elements-2d3905fb36bfff59fe0f23f4d9291d11\">\n<li>Y\u0131lda 1 tavuk 320-340 aras\u0131 yumurta verir.<\/li>\n\n\n\n<li>&nbsp;Yumurta renkleri, tavu\u011fun kendi rengi gibi a\u00e7\u0131k kahve ve d\u00fcz kahve olarak \u00e7\u0131kmaktad\u0131r. K\u00f6y yumurtas\u0131 diye bilinen g\u00f6r\u00fcn\u00fcme sahiptir.<\/li>\n\n\n\n<li> 16-18 haftas\u0131 aras\u0131 ilk k\u0131lavuz dedi\u011fimiz yumurtas\u0131n\u0131 b\u0131rak\u0131r ve 15 g\u00fcn i\u00e7inde periyodik bir art\u0131\u015f g\u00f6zlemlenerek ideal boyutuna ula\u015f\u0131r.<\/li>\n\n\n\n<li>Ortalama a\u011f\u0131rl\u0131klar\u0131 4 ayl\u0131kken 1,4 \u2013 1,5 kg iken 3.y\u0131l\u0131n sonunda 2,7 kg kadar \u00e7\u0131kmaktad\u0131r<\/li>\n<\/ul>\n\n\n\n<div style=\"height:40px\" aria-hidden=\"true\" class=\"wp-block-spacer\"><\/div>\n<\/div>\n\n\n\n<div class=\"wp-block-column is-vertically-aligned-center is-layout-flow wp-block-column-is-layout-flow\" style=\"flex-basis:50%\">\n<figure class=\"wp-block-image size-full\"><img loading=\"lazy\" decoding=\"async\" width=\"564\" height=\"848\" src=\"https:\/\/sahibindentavuk.com\/wp-content\/uploads\/2024\/02\/77c8b643ee13f657f5b72249b028d371-2.jpg\" alt=\"\" class=\"wp-image-430\" srcset=\"https:\/\/sahibindentavuk.com\/wp-content\/uploads\/2024\/02\/77c8b643ee13f657f5b72249b028d371-2.jpg 564w, https:\/\/sahibindentavuk.com\/wp-content\/uploads\/2024\/02\/77c8b643ee13f657f5b72249b028d371-2-200x300.jpg 200w\" sizes=\"(max-width: 564px) 100vw, 564px\" \/><\/figure>\n<\/div>\n<\/div>\n\n\n\n<div style=\"height:40px\" aria-hidden=\"true\" class=\"wp-block-spacer\"><\/div>\n<\/div><\/div>\n<\/div><\/div>\n\n\n\n<div class=\"wp-block-cover alignfull\" style=\"min-height:600px\"><span aria-hidden=\"true\" class=\"wp-block-cover__background has-nv-site-bg-background-color has-background-dim-100 has-background-dim\"><\/span><div class=\"wp-block-cover__inner-container is-layout-flow wp-block-cover-is-layout-flow\">\n<div class=\"wp-block-group is-layout-flow wp-block-group-is-layout-flow\"><div class=\"wp-block-group__inner-container\">\n<div style=\"height:80px\" aria-hidden=\"true\" class=\"wp-block-spacer\"><\/div>\n\n\n\n<div class=\"wp-block-columns are-vertically-aligned-center is-layout-flex wp-container-core-columns-layout-3 wp-block-columns-is-layout-flex\">\n<div class=\"wp-block-column is-vertically-aligned-center is-layout-flow wp-block-column-is-layout-flow\" style=\"flex-basis:50%\">\n<figure class=\"wp-block-image size-full\"><img loading=\"lazy\" decoding=\"async\" width=\"564\" height=\"564\" src=\"http:\/\/sahibindentavuk.com\/wp-content\/uploads\/2024\/02\/2cf4a429fe355a4393cdc671d2138d5a.jpg\" alt=\"\" class=\"wp-image-431\" srcset=\"https:\/\/sahibindentavuk.com\/wp-content\/uploads\/2024\/02\/2cf4a429fe355a4393cdc671d2138d5a.jpg 564w, https:\/\/sahibindentavuk.com\/wp-content\/uploads\/2024\/02\/2cf4a429fe355a4393cdc671d2138d5a-300x300.jpg 300w, https:\/\/sahibindentavuk.com\/wp-content\/uploads\/2024\/02\/2cf4a429fe355a4393cdc671d2138d5a-150x150.jpg 150w\" sizes=\"(max-width: 564px) 100vw, 564px\" \/><\/figure>\n<\/div>\n\n\n\n<div class=\"wp-block-column is-vertically-aligned-center has-neve-link-hover-color-color has-nv-site-bg-background-color has-text-color has-background has-link-color wp-elements-14e076fa9053a2fa90bed13d96914a69 is-layout-flow wp-block-column-is-layout-flow\" style=\"flex-basis:50%\">\n<div style=\"height:40px\" aria-hidden=\"true\" class=\"wp-block-spacer\"><\/div>\n\n\n\n<h2 class=\"wp-block-heading has-text-align-left has-nv-dark-bg-color has-text-color\">\u0130SA T\u0130NTED<\/h2>\n\n\n\n<ul class=\"has-nv-dark-bg-color has-text-color has-link-color wp-elements-74e0f18574e066ed7e114b69ec970fc2\">\n<li>\u0130sa tinted \u0131rk\u0131 17 ila 19 haftal\u0131k oldu\u011funda ya da yakla\u015f\u0131k olarak 1300 gr bir a\u011f\u0131rl\u0131\u011fa ula\u015ft\u0131\u011f\u0131nda yumurtlamaya ba\u015flamaktad\u0131r.<\/li>\n\n\n\n<li>\u0130sa tinted \u0131rk\u0131n\u0131n sahip oldu\u011fu bu \u00f6zellik onlar\u0131n en \u00e7ok tercih edilen yumurta tavu\u011fu olmas\u0131n\u0131n da etkenlerindendir.<\/li>\n\n\n\n<li>&nbsp;\u0130sa tinted \u0131rk\u0131 i\u00e7in ideal ortamlar sa\u011fland\u0131\u011f\u0131nda y\u0131ll\u0131k olarak ortalama 290-320 aras\u0131nda yumurta \u00fcretimi yapmaktad\u0131r.<\/li>\n<\/ul>\n<\/div>\n<\/div>\n\n\n\n<div style=\"height:50px\" aria-hidden=\"true\" class=\"wp-block-spacer\"><\/div>\n<\/div><\/div>\n<\/div><\/div>\n\n\n\n<div class=\"wp-block-cover alignfull\" style=\"min-height:600px\"><span aria-hidden=\"true\" class=\"wp-block-cover__background has-nv-site-bg-background-color has-background-dim-100 has-background-dim\"><\/span><div class=\"wp-block-cover__inner-container is-layout-flow wp-block-cover-is-layout-flow\">\n<div class=\"wp-block-group is-layout-flow wp-block-group-is-layout-flow\"><div class=\"wp-block-group__inner-container\">\n<div style=\"height:80px\" aria-hidden=\"true\" class=\"wp-block-spacer\"><\/div>\n\n\n\n<div class=\"wp-block-columns are-vertically-aligned-center is-layout-flex wp-container-core-columns-layout-4 wp-block-columns-is-layout-flex\">\n<div class=\"wp-block-column is-vertically-aligned-center is-layout-flow wp-block-column-is-layout-flow\" style=\"flex-basis:50%\">\n<h2 class=\"wp-block-heading has-text-align-left has-neve-text-color-color has-text-color\">SUSSEX<\/h2>\n\n\n\n<ul class=\"has-nv-dark-bg-color has-text-color has-link-color wp-elements-672141006d72aa72788ee72e2cecc7e2\">\n<li> Canl\u0131 mizac\u0131, dayan\u0131kl\u0131l\u0131\u011f\u0131, g\u00fczel g\u00f6r\u00fcn\u00fcm\u00fc, kulu\u00e7ka (gurk) olabilme \u00f6zelli\u011fi ve yumurta rand\u0131man\u0131 onu t\u00fcm d\u00fcnyada bah\u00e7elerinde hobi ve yumurta ama\u00e7l\u0131 tavuk besleyenlerin favori t\u00fcr\u00fc yapm\u0131\u015ft\u0131r. <\/li>\n<\/ul>\n\n\n\n<ul class=\"has-nv-dark-bg-color has-text-color has-link-color wp-elements-3d63de8b64c484ba9acdc7a56e59960c\">\n<li> Y\u0131ll\u0131k yumurta say\u0131s\u0131 240-260 aras\u0131 olup yumurta rengi krem, a\u00e7\u0131k kahve aras\u0131 de\u011fi\u015fim g\u00f6sterebilir. <\/li>\n<\/ul>\n\n\n\n<ul class=\"has-nv-dark-bg-color has-text-color has-link-color wp-elements-ff3640f19bc09300d8912e6797b23ebd\">\n<li>Yeti\u015fkin horozlar canl\u0131 olarak ortalama 4,1 kg, tavuklar da ortalama 3,2 kg a\u011f\u0131rl\u0131\u011fa sahiplerdir.<\/li>\n<\/ul>\n\n\n\n<ul class=\"has-nv-dark-bg-color has-text-color has-link-color wp-elements-0d8fc6c4b150e56fc405866d6c1686d9\">\n<li>&nbsp;Sussexler hem et hem yumurta a\u00e7\u0131s\u0131ndan son derece verimli kombine bir t\u00fcrd\u00fcr.<\/li>\n<\/ul>\n\n\n\n<div style=\"height:40px\" aria-hidden=\"true\" class=\"wp-block-spacer\"><\/div>\n<\/div>\n\n\n\n<div class=\"wp-block-column is-vertically-aligned-center is-layout-flow wp-block-column-is-layout-flow\" style=\"flex-basis:50%\">\n<figure class=\"wp-block-image size-full\"><img loading=\"lazy\" decoding=\"async\" width=\"563\" height=\"639\" src=\"http:\/\/sahibindentavuk.com\/wp-content\/uploads\/2024\/02\/f773e406d5237f6cf6b2f394d91a335a.jpg\" alt=\"\" class=\"wp-image-433\" srcset=\"https:\/\/sahibindentavuk.com\/wp-content\/uploads\/2024\/02\/f773e406d5237f6cf6b2f394d91a335a.jpg 563w, https:\/\/sahibindentavuk.com\/wp-content\/uploads\/2024\/02\/f773e406d5237f6cf6b2f394d91a335a-264x300.jpg 264w\" sizes=\"(max-width: 563px) 100vw, 563px\" \/><\/figure>\n<\/div>\n<\/div>\n\n\n\n<div style=\"height:40px\" aria-hidden=\"true\" class=\"wp-block-spacer\"><\/div>\n<\/div><\/div>\n<\/div><\/div>\n\n\n\n<div class=\"wp-block-cover alignfull\" style=\"min-height:600px\"><span aria-hidden=\"true\" class=\"wp-block-cover__background has-nv-site-bg-background-color has-background-dim-100 has-background-dim\"><\/span><div class=\"wp-block-cover__inner-container is-layout-flow wp-block-cover-is-layout-flow\">\n<div class=\"wp-block-group is-layout-flow wp-block-group-is-layout-flow\"><div class=\"wp-block-group__inner-container\">\n<div style=\"height:80px\" aria-hidden=\"true\" class=\"wp-block-spacer\"><\/div>\n\n\n\n<div class=\"wp-block-columns are-vertically-aligned-center is-layout-flex wp-container-core-columns-layout-5 wp-block-columns-is-layout-flex\">\n<div class=\"wp-block-column is-vertically-aligned-center is-layout-flow wp-block-column-is-layout-flow\" style=\"flex-basis:50%\">\n<figure class=\"wp-block-image size-full\"><img loading=\"lazy\" decoding=\"async\" width=\"428\" height=\"502\" src=\"http:\/\/sahibindentavuk.com\/wp-content\/uploads\/2024\/02\/e78fe523f50d5a63fa4f72845757a8ed.jpg\" alt=\"\" class=\"wp-image-434\" srcset=\"https:\/\/sahibindentavuk.com\/wp-content\/uploads\/2024\/02\/e78fe523f50d5a63fa4f72845757a8ed.jpg 428w, https:\/\/sahibindentavuk.com\/wp-content\/uploads\/2024\/02\/e78fe523f50d5a63fa4f72845757a8ed-256x300.jpg 256w\" sizes=\"(max-width: 428px) 100vw, 428px\" \/><\/figure>\n<\/div>\n\n\n\n<div class=\"wp-block-column is-vertically-aligned-center is-layout-flow wp-block-column-is-layout-flow\" style=\"flex-basis:50%\">\n<div style=\"height:20px\" aria-hidden=\"true\" class=\"wp-block-spacer\"><\/div>\n\n\n\n<h2 class=\"wp-block-heading has-text-align-left has-neve-text-color-color has-text-color\"> AUSTRALORP <\/h2>\n\n\n\n<p class=\"has-text-align-left has-neve-text-color-color has-text-color\" style=\"font-size:17px\">&nbsp;Australorp tavuklar\u0131 genellikle y\u00fcksek yumurta verimiyle bilinir ve Blue Australorp da bu \u00f6zelli\u011fi ta\u015f\u0131r. Y\u0131lda ortalama olarak 200 ila 250 yumurta \u00fcretebilirler. Yumurtalar genellikle b\u00fcy\u00fck, kahverengi ve kaliteli olup, tavuk yeti\u015ftiricileri taraf\u0131ndan olduk\u00e7a de\u011ferli bulunur.<\/p>\n\n\n\n<p>&nbsp;Australorp tavuklar\u0131, orta b\u00fcy\u00fckl\u00fckte bir cins olarak kabul edilir. Yeti\u015fkin bir  Australorp tavu\u011fu, ortalama olarak 2.5 ila 3.5 kilogram aras\u0131nda bir a\u011f\u0131rl\u0131\u011fa sahip olabilir.&nbsp;<\/p>\n<\/div>\n<\/div>\n\n\n\n<div style=\"height:40px\" aria-hidden=\"true\" class=\"wp-block-spacer\"><\/div>\n<\/div><\/div>\n<\/div><\/div>\n\n\n\n<div class=\"wp-block-cover alignfull\" style=\"min-height:600px\"><span aria-hidden=\"true\" class=\"wp-block-cover__background has-nv-site-bg-background-color has-background-dim-100 has-background-dim\"><\/span><div class=\"wp-block-cover__inner-container is-layout-flow wp-block-cover-is-layout-flow\">\n<div class=\"wp-block-group is-layout-flow wp-block-group-is-layout-flow\"><div class=\"wp-block-group__inner-container\">\n<div style=\"height:80px\" aria-hidden=\"true\" class=\"wp-block-spacer\"><\/div>\n\n\n\n<div class=\"wp-block-columns are-vertically-aligned-center is-layout-flex wp-container-core-columns-layout-6 wp-block-columns-is-layout-flex\">\n<div class=\"wp-block-column is-vertically-aligned-center is-layout-flow wp-block-column-is-layout-flow\" style=\"flex-basis:50%\">\n<h2 class=\"wp-block-heading has-text-align-left has-neve-text-color-color has-text-color\">PLEYMUT (\u00c7\u0130LL\u0130)<\/h2>\n\n\n\n<ul class=\"has-nv-dark-bg-color has-text-color has-link-color wp-elements-cb28f47d835d973f44a95c99ee452e97\">\n<li>Bulunduklar\u0131 yere (k\u00fcmes \u00e7iftlik gibi) kolayca uyum sa\u011flayabilirler.<\/li>\n\n\n\n<li>Uysal bir yap\u0131ya sahiptirler.<\/li>\n\n\n\n<li>Yumurtalar\u0131n\u0131n rengi a\u00e7\u0131k kahve ve koyu kahve rengi tonlar\u0131 aras\u0131nda de\u011fi\u015fmektedir.<\/li>\n\n\n\n<li>Yumurta verimleri iyidir. Yumurta a\u011f\u0131rl\u0131klar\u0131 70 \u2013 80 gr aras\u0131nda de\u011fi\u015febilmektedir.<\/li>\n\n\n\n<li>T\u00fcys\u00fcz bacak yap\u0131lar\u0131na sahiptirler.<\/li>\n\n\n\n<li>\u0130bikleri, gagalar\u0131 ve g\u00f6z b\u00f6lgeleri daha k\u0131rm\u0131z\u0131 yap\u0131dad\u0131r.<\/li>\n\n\n\n<li>A\u011f\u0131rl\u0131klar 3 \u2013 4 kg aras\u0131nda de\u011fi\u015febilmektedir.<\/li>\n\n\n\n<li>1 ya\u015f\u0131n\u0131 doldurmu\u015f olan Pleymut tavuklar y\u0131ll\u0131k yakla\u015f\u0131k olarak 215 \u2013 245 aras\u0131nda yumurta \u00fcretebilmektedir.<\/li>\n\n\n\n<li>Yumurta tavu\u011fu olarak ya da et tavu\u011fu olarak kullan\u0131labilmektedirler<\/li>\n\n\n\n<li>Hastal\u0131klara ve parazitlere kar\u015f\u0131 di\u011fer \u0131rklara g\u00f6re daha diren\u00e7li ve dayan\u0131kl\u0131d\u0131rlar.<\/li>\n<\/ul>\n\n\n\n<div style=\"height:40px\" aria-hidden=\"true\" class=\"wp-block-spacer\"><\/div>\n<\/div>\n\n\n\n<div class=\"wp-block-column is-vertically-aligned-center is-layout-flow wp-block-column-is-layout-flow\" style=\"flex-basis:50%\">\n<figure class=\"wp-block-image size-full\"><img loading=\"lazy\" decoding=\"async\" width=\"800\" height=\"800\" src=\"https:\/\/sahibindentavuk.com\/wp-content\/uploads\/2024\/03\/WO96C9E4V_resim_6_2_2018_13_b.webp\" alt=\"\" class=\"wp-image-449\" srcset=\"https:\/\/sahibindentavuk.com\/wp-content\/uploads\/2024\/03\/WO96C9E4V_resim_6_2_2018_13_b.webp 800w, https:\/\/sahibindentavuk.com\/wp-content\/uploads\/2024\/03\/WO96C9E4V_resim_6_2_2018_13_b-300x300.webp 300w, https:\/\/sahibindentavuk.com\/wp-content\/uploads\/2024\/03\/WO96C9E4V_resim_6_2_2018_13_b-150x150.webp 150w, https:\/\/sahibindentavuk.com\/wp-content\/uploads\/2024\/03\/WO96C9E4V_resim_6_2_2018_13_b-768x768.webp 768w\" sizes=\"(max-width: 800px) 100vw, 800px\" \/><\/figure>\n<\/div>\n<\/div>\n\n\n\n<div style=\"height:40px\" aria-hidden=\"true\" class=\"wp-block-spacer\"><\/div>\n<\/div><\/div>\n<\/div><\/div>\n\n\n\n<h2 class=\"wp-block-heading has-text-align-center has-background has-medium-font-size\" style=\"background-color:#18f123;font-style:normal;font-weight:700\">0532 437 45 23<\/h2>\n\n\n\n<h2 class=\"wp-block-heading has-text-align-center has-background has-large-font-size\" style=\"background-color:#edf200;font-style:normal;font-weight:700\">Bir insana tamamen g\u00fcvendi\u011finiz zaman ya \u00f6m\u00fcrl\u00fck bir dost edinirsiniz ya da hayat\u0131n\u0131z\u0131n dersini al\u0131rs\u0131n\u0131z.<\/h2>\n\n\n\n<h2 class=\"wp-block-heading\"><\/h2>\n\n\n\n<h2 class=\"wp-block-heading\"><\/h2>\n","protected":false},"excerpt":{"rendered":"<p>Tavuk \u00c7e\u015fitleri 0532 437 45 23 Bir insana tamamen g\u00fcvendi\u011finiz zaman ya \u00f6m\u00fcrl\u00fck bir dost edinirsiniz ya da hayat\u0131n\u0131z\u0131n dersini al\u0131rs\u0131n\u0131z.<\/p>\n","protected":false},"author":1,"featured_media":0,"parent":0,"menu_order":0,"comment_status":"closed","ping_status":"closed","template":"","meta":{"neve_meta_sidebar":"default","neve_meta_container":"default","neve_meta_enable_content_width":"on","neve_meta_content_width":100,"neve_meta_title_alignment":"","neve_meta_author_avatar":"","neve_post_elements_order":"","neve_meta_disable_header":"","neve_meta_disable_footer":"","neve_meta_disable_title":"on","_themeisle_gutenberg_block_has_review":false,"footnotes":""},"_links":{"self":[{"href":"https:\/\/sahibindentavuk.com\/index.php\/wp-json\/wp\/v2\/pages\/5"}],"collection":[{"href":"https:\/\/sahibindentavuk.com\/index.php\/wp-json\/wp\/v2\/pages"}],"about":[{"href":"https:\/\/sahibindentavuk.com\/index.php\/wp-json\/wp\/v2\/types\/page"}],"author":[{"embeddable":true,"href":"https:\/\/sahibindentavuk.com\/index.php\/wp-json\/wp\/v2\/users\/1"}],"replies":[{"embeddable":true,"href":"https:\/\/sahibindentavuk.com\/index.php\/wp-json\/wp\/v2\/comments?post=5"}],"version-history":[{"count":11,"href":"https:\/\/sahibindentavuk.com\/index.php\/wp-json\/wp\/v2\/pages\/5\/revisions"}],"predecessor-version":[{"id":473,"href":"https:\/\/sahibindentavuk.com\/index.php\/wp-json\/wp\/v2\/pages\/5\/revisions\/473"}],"wp:attachment":[{"href":"https:\/\/sahibindentavuk.com\/index.php\/wp-json\/wp\/v2\/media?parent=5"}],"curies":[{"name":"wp","href":"https:\/\/api.w.org\/{rel}","templated":true}]}}