{"id":61,"date":"2020-01-23T18:21:52","date_gmt":"2020-01-23T18:21:52","guid":{"rendered":"https:\/\/demosites.io\/web-agency-gb\/?page_id=61"},"modified":"2024-03-14T17:17:03","modified_gmt":"2024-03-14T14:17:03","slug":"hakkimizda","status":"publish","type":"page","link":"https:\/\/sahibindentavuk.com\/index.php\/hakkimizda\/","title":{"rendered":"Hakk\u0131m\u0131zda"},"content":{"rendered":"\n<div class=\"wp-block-cover alignfull\" style=\"min-height:300px\"><span aria-hidden=\"true\" class=\"wp-block-cover__background has-nv-site-bg-background-color has-background-dim-100 has-background-dim\"><\/span><div class=\"wp-block-cover__inner-container is-layout-flow wp-block-cover-is-layout-flow\">\n<div class=\"wp-block-group is-layout-flow wp-block-group-is-layout-flow\"><div class=\"wp-block-group__inner-container\">\n<h2 class=\"wp-block-heading has-text-align-left has-neve-text-color-color has-text-color\">= Sekt\u00f6r\u00fcn Lideri =<\/h2>\n\n\n\n<h3 class=\"wp-block-heading has-text-color has-link-color wp-elements-0662a69b227a6abdc8f5482cf7bc9b51\" style=\"color:#ff2d11\">35 YILDIR BURSA\u2019DA TAVUK\u00c7ULUK SEKT\u00d6R\u00dcNDE<br>FAAL\u0130YET G\u00d6STERMEKTEY\u0130Z.<\/h3>\n\n\n\n<h3 class=\"wp-block-heading has-text-color has-link-color wp-elements-a09da9dae65d66493b2a17194394bccf\" style=\"color:#ff2d11\">F\u0130RMAMIZ TARIM BAKANLI\u011eI ONAYLIDIR.<br>T\u00dcRK\u0130YE\u2019DEK\u0130 Z\u0130RAAT ODALARININ B\u0130R \u00c7O\u011eUNA F\u0130RMAMIZ \u00dcR\u00dcN VERMEKTED\u0130R.<\/h3>\n<\/div><\/div>\n\n\n\n<p class=\"has-nv-dark-bg-color has-text-color has-link-color wp-elements-c67172a9927659dd1c9e7b5c7a57c9e7\">Mehmet Emin Tavuk\u00e7uluk\u2019un sundu\u011fu k\u00fcmes hayvanc\u0131l\u0131\u011f\u0131 hizmetleriyle \u00fcretici ve t\u00fcketici memnuniyetini sa\u011flamay\u0131, ekibi ve altyap\u0131s\u0131yla, T\u00fcrkiye\u2019ye model olu\u015fturmaktad\u0131r. <\/p>\n\n\n\n<p class=\"has-nv-dark-bg-color has-text-color has-link-color wp-elements-f51c5c5b76a9e7e29f03e3d7b8316264\">K\u00fcmes Hayvanlar\u0131 alan\u0131ndaki akademik \u00e7al\u0131\u015fmalara ve bilimsel ara\u015ft\u0131rmalara olanak sa\u011flayarak, k\u00fcmes hayvanc\u0131l\u0131\u011f\u0131 ile ilgili yeni bilgi ve uygulamalar\u0131n geli\u015ftirilmesini desteklemek,<\/p>\n\n\n\n<p class=\"has-nv-dark-bg-color has-text-color has-link-color wp-elements-762876c60ed862d296ceede74c297cd3\">Kendilerini mesleklerine adam\u0131\u015f, insana de\u011fer veren uzmanlar\u0131 yeti\u015ftirmektir.<\/p>\n\n\n\n<p><\/p>\n<\/div><\/div>\n\n\n\n<h2 class=\"wp-block-heading has-text-align-center has-background has-medium-font-size\" style=\"background-color:#00f808;font-style:normal;font-weight:600\">0532 437 45 23<\/h2>\n\n\n\n<h2 class=\"wp-block-heading has-text-align-center has-background has-large-font-size\" style=\"background-color:#edf200;font-style:normal;font-weight:700\">Bir insana tamamen g\u00fcvendi\u011finiz zaman ya \u00f6m\u00fcrl\u00fck bir dost edinirsiniz ya da hayat\u0131n\u0131z\u0131n dersini al\u0131rs\u0131n\u0131z.<\/h2>\n","protected":false},"excerpt":{"rendered":"<p>0532 437 45 23 Bir insana tamamen g\u00fcvendi\u011finiz zaman ya \u00f6m\u00fcrl\u00fck bir dost edinirsiniz ya da hayat\u0131n\u0131z\u0131n dersini al\u0131rs\u0131n\u0131z.<\/p>\n","protected":false},"author":1,"featured_media":0,"parent":0,"menu_order":0,"comment_status":"closed","ping_status":"closed","template":"","meta":{"neve_meta_sidebar":"default","neve_meta_container":"default","neve_meta_enable_content_width":"on","neve_meta_content_width":100,"neve_meta_title_alignment":"","neve_meta_author_avatar":"","neve_post_elements_order":"","neve_meta_disable_header":"","neve_meta_disable_footer":"","neve_meta_disable_title":"on","_themeisle_gutenberg_block_has_review":false,"footnotes":""},"_links":{"self":[{"href":"https:\/\/sahibindentavuk.com\/index.php\/wp-json\/wp\/v2\/pages\/61"}],"collection":[{"href":"https:\/\/sahibindentavuk.com\/index.php\/wp-json\/wp\/v2\/pages"}],"about":[{"href":"https:\/\/sahibindentavuk.com\/index.php\/wp-json\/wp\/v2\/types\/page"}],"author":[{"embeddable":true,"href":"https:\/\/sahibindentavuk.com\/index.php\/wp-json\/wp\/v2\/users\/1"}],"replies":[{"embeddable":true,"href":"https:\/\/sahibindentavuk.com\/index.php\/wp-json\/wp\/v2\/comments?post=61"}],"version-history":[{"count":4,"href":"https:\/\/sahibindentavuk.com\/index.php\/wp-json\/wp\/v2\/pages\/61\/revisions"}],"predecessor-version":[{"id":474,"href":"https:\/\/sahibindentavuk.com\/index.php\/wp-json\/wp\/v2\/pages\/61\/revisions\/474"}],"wp:attachment":[{"href":"https:\/\/sahibindentavuk.com\/index.php\/wp-json\/wp\/v2\/media?parent=61"}],"curies":[{"name":"wp","href":"https:\/\/api.w.org\/{rel}","templated":true}]}}