{"id":75,"date":"2020-01-27T08:29:32","date_gmt":"2020-01-27T08:29:32","guid":{"rendered":"https:\/\/demosites.io\/web-agency-gb\/?page_id=75"},"modified":"2024-03-14T17:17:12","modified_gmt":"2024-03-14T14:17:12","slug":"iletism","status":"publish","type":"page","link":"https:\/\/sahibindentavuk.com\/index.php\/iletism\/","title":{"rendered":"\u0130leti\u015fim"},"content":{"rendered":"\n<div class=\"wp-block-cover alignfull is-light has-medium-font-size\" style=\"padding-top:var(--wp--preset--spacing--40);padding-bottom:var(--wp--preset--spacing--40);min-height:610px\"><span aria-hidden=\"true\" class=\"wp-block-cover__background has-nv-light-bg-background-color has-background-dim-0 has-background-dim\"><\/span><img loading=\"lazy\" decoding=\"async\" width=\"1080\" height=\"720\" class=\"wp-block-cover__image-background wp-image-421\" alt=\"\" src=\"https:\/\/sahibindentavuk.com\/wp-content\/uploads\/2024\/02\/245200297_402928584819366_3204451905068706540_n.jpg\" data-object-fit=\"cover\" srcset=\"https:\/\/sahibindentavuk.com\/wp-content\/uploads\/2024\/02\/245200297_402928584819366_3204451905068706540_n.jpg 1080w, https:\/\/sahibindentavuk.com\/wp-content\/uploads\/2024\/02\/245200297_402928584819366_3204451905068706540_n-300x200.jpg 300w, https:\/\/sahibindentavuk.com\/wp-content\/uploads\/2024\/02\/245200297_402928584819366_3204451905068706540_n-1024x683.jpg 1024w, https:\/\/sahibindentavuk.com\/wp-content\/uploads\/2024\/02\/245200297_402928584819366_3204451905068706540_n-768x512.jpg 768w, https:\/\/sahibindentavuk.com\/wp-content\/uploads\/2024\/02\/245200297_402928584819366_3204451905068706540_n-930x620.jpg 930w\" sizes=\"(max-width: 1080px) 100vw, 1080px\" \/><div class=\"wp-block-cover__inner-container is-layout-flow wp-block-cover-is-layout-flow\">\n<div class=\"wp-block-columns is-layout-flex wp-container-core-columns-layout-1 wp-block-columns-is-layout-flex\">\n<div class=\"wp-block-column ticss-4ce656f1 is-layout-flow wp-block-column-is-layout-flow\">\n<div class=\"wp-block-group is-vertical is-content-justification-stretch is-nowrap is-layout-flex wp-container-core-group-layout-1 wp-block-group-is-layout-flex\">\n<div style=\"height:0px;width:0px\" aria-hidden=\"true\" class=\"wp-block-spacer wp-container-content-1\"><\/div>\n\n\n\n<h3 class=\"wp-block-heading has-text-align-center has-text-color has-x-large-font-size\" style=\"color:#00b808\">\u0130leti\u015fim <\/h3>\n\n\n\n<p class=\"has-text-align-center has-neve-link-color-color has-text-color\" style=\"font-size:25px\"> &nbsp;(0224) 250 50 83 &amp; 0532 437 45 23<\/p>\n\n\n\n<div style=\"height:24px;width:0px\" aria-hidden=\"true\" class=\"wp-block-spacer wp-container-content-2\"><\/div>\n<\/div>\n<\/div>\n\n\n\n<div class=\"wp-block-column ticss-a5b4df29 is-layout-flow wp-block-column-is-layout-flow\">\n<div class=\"wp-block-group is-vertical is-content-justification-stretch is-nowrap is-layout-flex wp-container-core-group-layout-2 wp-block-group-is-layout-flex\">\n<div style=\"height:0px;width:0px\" aria-hidden=\"true\" class=\"wp-block-spacer wp-container-content-3\"><\/div>\n\n\n\n<h3 class=\"wp-block-heading has-text-align-center has-text-color has-x-large-font-size\" style=\"color:#00b808\">Ofis <\/h3>\n\n\n\n<p class=\"has-text-align-center has-neve-link-color-color has-text-color\" style=\"font-size:25px\">&nbsp;K\u00fcpl\u00fcp\u0131nar, \u0130stanbul Cd No:15 D:E, 16200 Osmangazi\/Bursa<\/p>\n\n\n\n<div style=\"height:24px;width:0px\" aria-hidden=\"true\" class=\"wp-block-spacer wp-container-content-4\"><\/div>\n<\/div>\n<\/div>\n<\/div>\n<\/div><\/div>\n\n\n\n<div class=\"wp-block-columns is-layout-flex wp-container-core-columns-layout-2 wp-block-columns-is-layout-flex\">\n<div class=\"wp-block-column is-layout-flow wp-block-column-is-layout-flow\" style=\"flex-basis:100%\"><div style=\"height:400pxpx;\" class=\"wp-block-themeisle-blocks-leaflet-map\" id=\"wp-block-themeisle-blocks-leaflet-map-791187e4\"><\/div>\n<script type=\"text\/javascript\">\n\t\/* <![CDATA[ *\/\n\t\tif ( ! window.themeisleLeafletMaps ) window.themeisleLeafletMaps =[];\n\t\twindow.themeisleLeafletMaps.push( { container: \"wp-block-themeisle-blocks-leaflet-map-791187e4\", attributes: {\"id\":\"wp-block-themeisle-blocks-leaflet-map-791187e4\",\"latitude\":\"40.19980981841321\",\"longitude\":\"29.061756134033207\",\"bbox\":\"29.058617949485782,40.19899034692497,29.06489431858063,40.20062927999702\",\"zoom\":18,\"markers\":[{\"id\":\"eb34d551-a838-44e5-b56b-3523929ca146\",\"latitude\":40.1997934290805,\"longitude\":29.061536192893985,\"title\":\"Mehmet Emin Tavuk\\u00e7uluk\",\"description\":\"\"}],\"location\":\"La Sagrada Familia, Barcelona, Spain\",\"height\":\"400px\",\"zoomControl\":true,\"draggable\":true,\"hasCustomCSS\":false,\"customCSS\":\"\",\"otterConditions\":[]} } );\n\t\/* ]]> *\/\n<\/script>\n<\/div>\n<\/div>\n\n\n\n<h2 class=\"wp-block-heading has-text-align-center has-background has-medium-font-size\" style=\"background-color:#18f123;font-style:normal;font-weight:700\">0532 437 45 23<\/h2>\n\n\n\n<h2 class=\"wp-block-heading has-text-align-center has-background has-large-font-size\" style=\"background-color:#edf200;font-style:normal;font-weight:700\">Bir insana tamamen g\u00fcvendi\u011finiz zaman ya \u00f6m\u00fcrl\u00fck bir dost edinirsiniz ya da hayat\u0131n\u0131z\u0131n dersini al\u0131rs\u0131n\u0131z.<\/h2>\n","protected":false},"excerpt":{"rendered":"<p>0532 437 45 23 Bir insana tamamen g\u00fcvendi\u011finiz zaman ya \u00f6m\u00fcrl\u00fck bir dost edinirsiniz ya da hayat\u0131n\u0131z\u0131n dersini al\u0131rs\u0131n\u0131z.<\/p>\n","protected":false},"author":1,"featured_media":0,"parent":0,"menu_order":0,"comment_status":"closed","ping_status":"closed","template":"","meta":{"neve_meta_sidebar":"default","neve_meta_container":"","neve_meta_enable_content_width":"on","neve_meta_content_width":100,"neve_meta_title_alignment":"","neve_meta_author_avatar":"","neve_post_elements_order":"","neve_meta_disable_header":"","neve_meta_disable_footer":"","neve_meta_disable_title":"on","_themeisle_gutenberg_block_has_review":false,"footnotes":""},"_links":{"self":[{"href":"https:\/\/sahibindentavuk.com\/index.php\/wp-json\/wp\/v2\/pages\/75"}],"collection":[{"href":"https:\/\/sahibindentavuk.com\/index.php\/wp-json\/wp\/v2\/pages"}],"about":[{"href":"https:\/\/sahibindentavuk.com\/index.php\/wp-json\/wp\/v2\/types\/page"}],"author":[{"embeddable":true,"href":"https:\/\/sahibindentavuk.com\/index.php\/wp-json\/wp\/v2\/users\/1"}],"replies":[{"embeddable":true,"href":"https:\/\/sahibindentavuk.com\/index.php\/wp-json\/wp\/v2\/comments?post=75"}],"version-history":[{"count":6,"href":"https:\/\/sahibindentavuk.com\/index.php\/wp-json\/wp\/v2\/pages\/75\/revisions"}],"predecessor-version":[{"id":475,"href":"https:\/\/sahibindentavuk.com\/index.php\/wp-json\/wp\/v2\/pages\/75\/revisions\/475"}],"wp:attachment":[{"href":"https:\/\/sahibindentavuk.com\/index.php\/wp-json\/wp\/v2\/media?parent=75"}],"curies":[{"name":"wp","href":"https:\/\/api.w.org\/{rel}","templated":true}]}}